{"id":6,"date":"2023-02-05T21:46:59","date_gmt":"2023-02-05T20:46:59","guid":{"rendered":"https:\/\/magaliecres-photographie.fr\/?page_id=6"},"modified":"2023-05-15T10:19:43","modified_gmt":"2023-05-15T08:19:43","slug":"acceuil","status":"publish","type":"page","link":"https:\/\/magaliecres-photographie.fr\/","title":{"rendered":"Accueil"},"content":{"rendered":"\n<p><\/p>\n\n\n\n<div class=\"wp-block-media-text alignfull is-stacked-on-mobile is-vertically-aligned-center\"><figure class=\"wp-block-media-text__media\"><img loading=\"lazy\" decoding=\"async\" width=\"768\" height=\"560\" src=\"https:\/\/magaliecres-photographie.fr\/wp-content\/uploads\/2023\/02\/12-16031-1-768x560-1.jpg\" alt=\"\" class=\"wp-image-9 size-full\" srcset=\"https:\/\/magaliecres-photographie.fr\/wp-content\/uploads\/2023\/02\/12-16031-1-768x560-1.jpg 768w, https:\/\/magaliecres-photographie.fr\/wp-content\/uploads\/2023\/02\/12-16031-1-768x560-1-300x219.jpg 300w\" sizes=\"auto, (max-width: 768px) 100vw, 768px\" \/><\/figure><div class=\"wp-block-media-text__content\">\n<p>Bonjour et bienvenue sur mon site.<\/p>\n\n\n\n<p>Je suis Magalie Cres, je suis photographe depuis 2018. Je suis passionn\u00e9e des \u00e9motions.<\/p>\n\n\n\n<p>Je suis issue du milieu de l\u2019\u00e9ducation (\u00e9ducatrice sp\u00e9cialis\u00e9e) et du milieu de la sant\u00e9 (infirmi\u00e8re). Dans mon parcours, j\u2019ai d\u2019abord suivi des formations sur la prise de vue, sur les postures.<\/p>\n\n\n\n<p>Puis j\u2019ai d\u00e9cid\u00e9 de me perfectionner et d\u2019oser exister en tant que photographe. Autodidacte.<\/p>\n\n\n\n<p>Dans ma fa\u00e7on de travailler, je reste \u00e0 votre \u00e9coute, je prends le temps de bien faire les choses.<\/p>\n<\/div><\/div>\n\n\n\n<div class=\"wp-block-media-text alignwide has-media-on-the-right is-stacked-on-mobile\" style=\"grid-template-columns:auto 37%\"><div class=\"wp-block-media-text__content\">\n<p>J&rsquo;aime prendre du temps pour les s\u00e9ances famille o\u00f9 les rires \u00e9clatent, les sourires sont francs et contagieux.<\/p>\n\n\n\n<p><\/p>\n\n\n\n<p>Et puis, il y a votre grossesse, ce moment intime, intense, fascinant et qui me fascine.<\/p>\n\n\n\n<p><\/p>\n\n\n\n<p>Et enfin, la naissance, le bonheur ultime, la vie, la fragilit\u00e9, la simplicit\u00e9, la beaut\u00e9 \u00e0 l&rsquo;\u00e9tat pur.<\/p>\n\n\n\n<p><\/p>\n\n\n\n<p>Plein de moments que j&rsquo;ai la chance de partager avec vous<\/p>\n<\/div><figure class=\"wp-block-media-text__media\"><img loading=\"lazy\" decoding=\"async\" width=\"747\" height=\"1024\" src=\"https:\/\/magaliecres-photographie.fr\/wp-content\/uploads\/2023\/02\/8-1651-768x1053-1-747x1024.jpg\" alt=\"\" class=\"wp-image-279 size-full\" srcset=\"https:\/\/magaliecres-photographie.fr\/wp-content\/uploads\/2023\/02\/8-1651-768x1053-1-747x1024.jpg 747w, https:\/\/magaliecres-photographie.fr\/wp-content\/uploads\/2023\/02\/8-1651-768x1053-1-219x300.jpg 219w, https:\/\/magaliecres-photographie.fr\/wp-content\/uploads\/2023\/02\/8-1651-768x1053-1.jpg 768w\" sizes=\"auto, (max-width: 747px) 100vw, 747px\" \/><\/figure><\/div>\n\n\n\n<p><\/p>\n","protected":false},"excerpt":{"rendered":"<p>Bonjour et bienvenue sur mon site. Je suis Magalie Cres, je suis photographe depuis 2018. Je suis passionn\u00e9e des \u00e9motions. Je suis issue du milieu de l\u2019\u00e9ducation (\u00e9ducatrice sp\u00e9cialis\u00e9e) et du milieu de la sant\u00e9 (infirmi\u00e8re). Dans mon parcours, j\u2019ai d\u2019abord suivi des formations sur la prise de vue, sur les postures. Puis j\u2019ai d\u00e9cid\u00e9 [&hellip;]<\/p>\n","protected":false},"author":1,"featured_media":0,"parent":0,"menu_order":0,"comment_status":"closed","ping_status":"closed","template":"","meta":{"hide_page_title":"","_coblocks_attr":"","_coblocks_dimensions":"","_coblocks_responsive_height":"","_coblocks_accordion_ie_support":"","two_page_speed":null,"footnotes":""},"class_list":["post-6","page","type-page","status-publish","hentry"],"yoast_head":"<!-- This site is optimized with the Yoast SEO plugin v27.3 - https:\/\/yoast.com\/product\/yoast-seo-wordpress\/ -->\n<title>Accueil - M A G A L I E C R E S PHOTOGRAPHE<\/title>\n<meta name=\"robots\" content=\"index, follow, max-snippet:-1, max-image-preview:large, max-video-preview:-1\" \/>\n<link rel=\"canonical\" href=\"https:\/\/magaliecres-photographie.fr\/\" \/>\n<meta property=\"og:locale\" content=\"fr_FR\" \/>\n<meta property=\"og:type\" content=\"article\" \/>\n<meta property=\"og:title\" content=\"Accueil - M A G A L I E C R E S PHOTOGRAPHE\" \/>\n<meta property=\"og:description\" content=\"Bonjour et bienvenue sur mon site. Je suis Magalie Cres, je suis photographe depuis 2018. Je suis passionn\u00e9e des \u00e9motions. Je suis issue du milieu de l\u2019\u00e9ducation (\u00e9ducatrice sp\u00e9cialis\u00e9e) et du milieu de la sant\u00e9 (infirmi\u00e8re). Dans mon parcours, j\u2019ai d\u2019abord suivi des formations sur la prise de vue, sur les postures. Puis j\u2019ai d\u00e9cid\u00e9 [&hellip;]\" \/>\n<meta property=\"og:url\" content=\"https:\/\/magaliecres-photographie.fr\/\" \/>\n<meta property=\"og:site_name\" content=\"M A G A L I E C R E S PHOTOGRAPHE\" \/>\n<meta property=\"article:modified_time\" content=\"2023-05-15T08:19:43+00:00\" \/>\n<meta property=\"og:image\" content=\"https:\/\/magaliecres-photographie.fr\/wp-content\/uploads\/2023\/02\/12-16031-1-768x560-1.jpg\" \/>\n<meta name=\"twitter:card\" content=\"summary_large_image\" \/>\n<meta name=\"twitter:label1\" content=\"Dur\u00e9e de lecture estim\u00e9e\" \/>\n\t<meta name=\"twitter:data1\" content=\"2 minutes\" \/>\n<script type=\"application\/ld+json\" class=\"yoast-schema-graph\">{\"@context\":\"https:\\\/\\\/schema.org\",\"@graph\":[{\"@type\":\"WebPage\",\"@id\":\"https:\\\/\\\/magaliecres-photographie.fr\\\/\",\"url\":\"https:\\\/\\\/magaliecres-photographie.fr\\\/\",\"name\":\"Accueil - M A G A L I E C R E S PHOTOGRAPHE\",\"isPartOf\":{\"@id\":\"https:\\\/\\\/magaliecres-photographie.fr\\\/#website\"},\"primaryImageOfPage\":{\"@id\":\"https:\\\/\\\/magaliecres-photographie.fr\\\/#primaryimage\"},\"image\":{\"@id\":\"https:\\\/\\\/magaliecres-photographie.fr\\\/#primaryimage\"},\"thumbnailUrl\":\"https:\\\/\\\/magaliecres-photographie.fr\\\/wp-content\\\/uploads\\\/2023\\\/02\\\/12-16031-1-768x560-1.jpg\",\"datePublished\":\"2023-02-05T20:46:59+00:00\",\"dateModified\":\"2023-05-15T08:19:43+00:00\",\"breadcrumb\":{\"@id\":\"https:\\\/\\\/magaliecres-photographie.fr\\\/#breadcrumb\"},\"inLanguage\":\"fr-FR\",\"potentialAction\":[{\"@type\":\"ReadAction\",\"target\":[\"https:\\\/\\\/magaliecres-photographie.fr\\\/\"]}]},{\"@type\":\"ImageObject\",\"inLanguage\":\"fr-FR\",\"@id\":\"https:\\\/\\\/magaliecres-photographie.fr\\\/#primaryimage\",\"url\":\"https:\\\/\\\/magaliecres-photographie.fr\\\/wp-content\\\/uploads\\\/2023\\\/02\\\/12-16031-1-768x560-1.jpg\",\"contentUrl\":\"https:\\\/\\\/magaliecres-photographie.fr\\\/wp-content\\\/uploads\\\/2023\\\/02\\\/12-16031-1-768x560-1.jpg\",\"width\":768,\"height\":560},{\"@type\":\"BreadcrumbList\",\"@id\":\"https:\\\/\\\/magaliecres-photographie.fr\\\/#breadcrumb\",\"itemListElement\":[{\"@type\":\"ListItem\",\"position\":1,\"name\":\"Accueil\",\"item\":\"https:\\\/\\\/magaliecres-photographie.fr\\\/\"},{\"@type\":\"ListItem\",\"position\":2,\"name\":\"Accueil\"}]},{\"@type\":\"WebSite\",\"@id\":\"https:\\\/\\\/magaliecres-photographie.fr\\\/#website\",\"url\":\"https:\\\/\\\/magaliecres-photographie.fr\\\/\",\"name\":\"M A G A L I E C R E S PHOTOGRAPHE\",\"description\":\"Le partage des \u00e9motions et des instants de vie\",\"potentialAction\":[{\"@type\":\"SearchAction\",\"target\":{\"@type\":\"EntryPoint\",\"urlTemplate\":\"https:\\\/\\\/magaliecres-photographie.fr\\\/?s={search_term_string}\"},\"query-input\":{\"@type\":\"PropertyValueSpecification\",\"valueRequired\":true,\"valueName\":\"search_term_string\"}}],\"inLanguage\":\"fr-FR\"}]}<\/script>\n<!-- \/ Yoast SEO plugin. -->","yoast_head_json":{"title":"Accueil - M A G A L I E C R E S PHOTOGRAPHE","robots":{"index":"index","follow":"follow","max-snippet":"max-snippet:-1","max-image-preview":"max-image-preview:large","max-video-preview":"max-video-preview:-1"},"canonical":"https:\/\/magaliecres-photographie.fr\/","og_locale":"fr_FR","og_type":"article","og_title":"Accueil - M A G A L I E C R E S PHOTOGRAPHE","og_description":"Bonjour et bienvenue sur mon site. Je suis Magalie Cres, je suis photographe depuis 2018. Je suis passionn\u00e9e des \u00e9motions. Je suis issue du milieu de l\u2019\u00e9ducation (\u00e9ducatrice sp\u00e9cialis\u00e9e) et du milieu de la sant\u00e9 (infirmi\u00e8re). Dans mon parcours, j\u2019ai d\u2019abord suivi des formations sur la prise de vue, sur les postures. Puis j\u2019ai d\u00e9cid\u00e9 [&hellip;]","og_url":"https:\/\/magaliecres-photographie.fr\/","og_site_name":"M A G A L I E C R E S PHOTOGRAPHE","article_modified_time":"2023-05-15T08:19:43+00:00","og_image":[{"url":"https:\/\/magaliecres-photographie.fr\/wp-content\/uploads\/2023\/02\/12-16031-1-768x560-1.jpg","type":"","width":"","height":""}],"twitter_card":"summary_large_image","twitter_misc":{"Dur\u00e9e de lecture estim\u00e9e":"2 minutes"},"schema":{"@context":"https:\/\/schema.org","@graph":[{"@type":"WebPage","@id":"https:\/\/magaliecres-photographie.fr\/","url":"https:\/\/magaliecres-photographie.fr\/","name":"Accueil - M A G A L I E C R E S PHOTOGRAPHE","isPartOf":{"@id":"https:\/\/magaliecres-photographie.fr\/#website"},"primaryImageOfPage":{"@id":"https:\/\/magaliecres-photographie.fr\/#primaryimage"},"image":{"@id":"https:\/\/magaliecres-photographie.fr\/#primaryimage"},"thumbnailUrl":"https:\/\/magaliecres-photographie.fr\/wp-content\/uploads\/2023\/02\/12-16031-1-768x560-1.jpg","datePublished":"2023-02-05T20:46:59+00:00","dateModified":"2023-05-15T08:19:43+00:00","breadcrumb":{"@id":"https:\/\/magaliecres-photographie.fr\/#breadcrumb"},"inLanguage":"fr-FR","potentialAction":[{"@type":"ReadAction","target":["https:\/\/magaliecres-photographie.fr\/"]}]},{"@type":"ImageObject","inLanguage":"fr-FR","@id":"https:\/\/magaliecres-photographie.fr\/#primaryimage","url":"https:\/\/magaliecres-photographie.fr\/wp-content\/uploads\/2023\/02\/12-16031-1-768x560-1.jpg","contentUrl":"https:\/\/magaliecres-photographie.fr\/wp-content\/uploads\/2023\/02\/12-16031-1-768x560-1.jpg","width":768,"height":560},{"@type":"BreadcrumbList","@id":"https:\/\/magaliecres-photographie.fr\/#breadcrumb","itemListElement":[{"@type":"ListItem","position":1,"name":"Accueil","item":"https:\/\/magaliecres-photographie.fr\/"},{"@type":"ListItem","position":2,"name":"Accueil"}]},{"@type":"WebSite","@id":"https:\/\/magaliecres-photographie.fr\/#website","url":"https:\/\/magaliecres-photographie.fr\/","name":"M A G A L I E C R E S PHOTOGRAPHE","description":"Le partage des \u00e9motions et des instants de vie","potentialAction":[{"@type":"SearchAction","target":{"@type":"EntryPoint","urlTemplate":"https:\/\/magaliecres-photographie.fr\/?s={search_term_string}"},"query-input":{"@type":"PropertyValueSpecification","valueRequired":true,"valueName":"search_term_string"}}],"inLanguage":"fr-FR"}]}},"_links":{"self":[{"href":"https:\/\/magaliecres-photographie.fr\/index.php?rest_route=\/wp\/v2\/pages\/6","targetHints":{"allow":["GET"]}}],"collection":[{"href":"https:\/\/magaliecres-photographie.fr\/index.php?rest_route=\/wp\/v2\/pages"}],"about":[{"href":"https:\/\/magaliecres-photographie.fr\/index.php?rest_route=\/wp\/v2\/types\/page"}],"author":[{"embeddable":true,"href":"https:\/\/magaliecres-photographie.fr\/index.php?rest_route=\/wp\/v2\/users\/1"}],"replies":[{"embeddable":true,"href":"https:\/\/magaliecres-photographie.fr\/index.php?rest_route=%2Fwp%2Fv2%2Fcomments&post=6"}],"version-history":[{"count":9,"href":"https:\/\/magaliecres-photographie.fr\/index.php?rest_route=\/wp\/v2\/pages\/6\/revisions"}],"predecessor-version":[{"id":335,"href":"https:\/\/magaliecres-photographie.fr\/index.php?rest_route=\/wp\/v2\/pages\/6\/revisions\/335"}],"wp:attachment":[{"href":"https:\/\/magaliecres-photographie.fr\/index.php?rest_route=%2Fwp%2Fv2%2Fmedia&parent=6"}],"curies":[{"name":"wp","href":"https:\/\/api.w.org\/{rel}","templated":true}]}}