{"id":29,"date":"2023-02-05T21:53:42","date_gmt":"2023-02-05T20:53:42","guid":{"rendered":"https:\/\/magaliecres-photographie.fr\/?page_id=29"},"modified":"2023-02-08T21:46:10","modified_gmt":"2023-02-08T20:46:10","slug":"tarifs","status":"publish","type":"page","link":"https:\/\/magaliecres-photographie.fr\/?page_id=29","title":{"rendered":"Tarifs"},"content":{"rendered":"\n<div class=\"wp-block-columns is-layout-flex wp-container-core-columns-is-layout-9d6595d7 wp-block-columns-is-layout-flex\">\n<div class=\"wp-block-column is-layout-flow wp-block-column-is-layout-flow\">\n<h4 class=\"wp-block-heading\">Portrait : <\/h4>\n<\/div>\n\n\n\n<div class=\"wp-block-column is-layout-flow wp-block-column-is-layout-flow\">\n<h4 class=\"has-text-align-right wp-block-heading\">90\u20ac<\/h4>\n<\/div>\n<\/div>\n\n\n\n<div class=\"wp-block-media-text has-media-on-the-right is-stacked-on-mobile is-style-default\" style=\"grid-template-columns:auto 30%\"><div class=\"wp-block-media-text__content\">\n<p class=\"has-medium-font-size\">20 photos minimum en HD.<\/p>\n\n\n\n<p><\/p>\n\n\n\n<p class=\"has-medium-font-size\">Accompagnement pour le stylisme.<\/p>\n\n\n\n<p><\/p>\n\n\n\n<p class=\"has-medium-font-size\">Guidance pour les poses.<\/p>\n<\/div><figure class=\"wp-block-media-text__media\"><img loading=\"lazy\" decoding=\"async\" width=\"686\" height=\"1024\" src=\"https:\/\/magaliecres-photographie.fr\/wp-content\/uploads\/2023\/02\/Portrait272-6520-686x1024-1.jpg\" alt=\"\" class=\"wp-image-190 size-full\" srcset=\"https:\/\/magaliecres-photographie.fr\/wp-content\/uploads\/2023\/02\/Portrait272-6520-686x1024-1.jpg 686w, https:\/\/magaliecres-photographie.fr\/wp-content\/uploads\/2023\/02\/Portrait272-6520-686x1024-1-201x300.jpg 201w\" sizes=\"auto, (max-width: 686px) 100vw, 686px\" \/><\/figure><\/div>\n\n\n\n<hr class=\"wp-block-separator alignwide has-alpha-channel-opacity is-style-wide coblocks-animate\" data-coblocks-animation=\"zoomIn\"\/>\n\n\n\n<div class=\"wp-block-columns is-layout-flex wp-container-core-columns-is-layout-9d6595d7 wp-block-columns-is-layout-flex\">\n<div class=\"wp-block-column is-layout-flow wp-block-column-is-layout-flow\">\n<h4 class=\"wp-block-heading\">Grossesse : <\/h4>\n<\/div>\n\n\n\n<div class=\"wp-block-column is-layout-flow wp-block-column-is-layout-flow\">\n<h4 class=\"has-text-align-right wp-block-heading\">100\u20ac<\/h4>\n<\/div>\n<\/div>\n\n\n\n<div class=\"wp-block-media-text has-media-on-the-right is-stacked-on-mobile\" style=\"grid-template-columns:auto 30%\"><div class=\"wp-block-media-text__content\">\n<p class=\"has-medium-font-size\">Photos avec le p\u00e8re, la fratrie, animal de compagnie\u2026<\/p>\n\n\n\n<p><\/p>\n\n\n\n<p class=\"has-medium-font-size\">Id\u00e9al au 8\u00b0 mois de grossesse.<\/p>\n\n\n\n<p><\/p>\n\n\n\n<p><\/p>\n<\/div><figure class=\"wp-block-media-text__media\"><img loading=\"lazy\" decoding=\"async\" width=\"683\" height=\"1024\" src=\"https:\/\/magaliecres-photographie.fr\/wp-content\/uploads\/2023\/02\/Grossesse11-683x1024.jpg\" alt=\"\" class=\"wp-image-113 size-full\" srcset=\"https:\/\/magaliecres-photographie.fr\/wp-content\/uploads\/2023\/02\/Grossesse11-683x1024.jpg 683w, https:\/\/magaliecres-photographie.fr\/wp-content\/uploads\/2023\/02\/Grossesse11-200x300.jpg 200w, https:\/\/magaliecres-photographie.fr\/wp-content\/uploads\/2023\/02\/Grossesse11-768x1152.jpg 768w, https:\/\/magaliecres-photographie.fr\/wp-content\/uploads\/2023\/02\/Grossesse11-1024x1536.jpg 1024w, https:\/\/magaliecres-photographie.fr\/wp-content\/uploads\/2023\/02\/Grossesse11-1365x2048.jpg 1365w, https:\/\/magaliecres-photographie.fr\/wp-content\/uploads\/2023\/02\/Grossesse11-scaled.jpg 1707w\" sizes=\"auto, (max-width: 683px) 100vw, 683px\" \/><\/figure><\/div>\n\n\n\n<hr class=\"wp-block-separator alignwide has-alpha-channel-opacity is-style-wide coblocks-animate\" data-coblocks-animation=\"zoomIn\"\/>\n\n\n\n<div class=\"wp-block-columns is-layout-flex wp-container-core-columns-is-layout-9d6595d7 wp-block-columns-is-layout-flex\">\n<div class=\"wp-block-column is-layout-flow wp-block-column-is-layout-flow\">\n<h4 class=\"wp-block-heading\">Naissance : <\/h4>\n<\/div>\n\n\n\n<div class=\"wp-block-column is-layout-flow wp-block-column-is-layout-flow\">\n<h4 class=\"has-text-align-right wp-block-heading\">150\u20ac<\/h4>\n<\/div>\n<\/div>\n\n\n\n<div class=\"wp-block-media-text has-media-on-the-right is-stacked-on-mobile\" style=\"grid-template-columns:auto 30%\"><div class=\"wp-block-media-text__content\">\n<p class=\"has-medium-font-size\">Id\u00e9al dans les 15 premiers jours de vie.<\/p>\n\n\n\n<p><\/p>\n\n\n\n<p class=\"has-medium-font-size\">Photos pendant l&rsquo;allaitement.<\/p>\n\n\n\n<p><\/p>\n\n\n\n<p class=\"has-medium-font-size\">Id\u00e9al \u00e0 votre domicile pour maintenir votre enfant dans son environnement s\u00e9curisant.<\/p>\n\n\n\n<p><\/p>\n\n\n\n<p class=\"has-medium-font-size\">Pour ces s\u00e9ances, je prends le temps, je m&rsquo;adapte au rythme du nouveau-n\u00e9.<\/p>\n\n\n\n<p><\/p>\n\n\n\n<p class=\"has-medium-font-size\">C&rsquo;est lui qui m\u00e8ne la s\u00e9ance.<\/p>\n<\/div><figure class=\"wp-block-media-text__media\"><img loading=\"lazy\" decoding=\"async\" width=\"200\" height=\"300\" src=\"https:\/\/magaliecres-photographie.fr\/wp-content\/uploads\/2023\/02\/Naissance118-1-200x300-1.jpg\" alt=\"\" class=\"wp-image-142 size-full\"\/><\/figure><\/div>\n\n\n\n<hr class=\"wp-block-separator alignwide has-alpha-channel-opacity is-style-wide coblocks-animate\" data-coblocks-animation=\"zoomIn\"\/>\n\n\n\n<div class=\"wp-block-columns is-layout-flex wp-container-core-columns-is-layout-9d6595d7 wp-block-columns-is-layout-flex\">\n<div class=\"wp-block-column is-layout-flow wp-block-column-is-layout-flow\">\n<h4 class=\"wp-block-heading\">Forfait Grossesse + Naissance : <\/h4>\n<\/div>\n\n\n\n<div class=\"wp-block-column is-layout-flow wp-block-column-is-layout-flow\">\n<h4 class=\"has-text-align-right wp-block-heading\">190\u20ac<\/h4>\n<\/div>\n<\/div>\n\n\n\n<p><\/p>\n\n\n\n<p class=\"has-medium-font-size\">En prenant le pack grossesse\/naissance, vous b\u00e9n\u00e9ficiez d&rsquo;un tarif avantageux.<\/p>\n\n\n\n<p class=\"has-medium-font-size\"><\/p>\n\n\n\n<p class=\"has-medium-font-size\">R\u00e9servez votre s\u00e9ance naissance d\u00e9s votre grossesse.<\/p>\n\n\n\n<hr class=\"wp-block-separator alignwide has-alpha-channel-opacity is-style-wide coblocks-animate\" data-coblocks-animation=\"zoomIn\"\/>\n\n\n\n<div class=\"wp-block-columns is-layout-flex wp-container-core-columns-is-layout-9d6595d7 wp-block-columns-is-layout-flex\">\n<div class=\"wp-block-column is-layout-flow wp-block-column-is-layout-flow\">\n<h4 class=\"wp-block-heading\">Famille : <\/h4>\n<\/div>\n\n\n\n<div class=\"wp-block-column is-layout-flow wp-block-column-is-layout-flow\">\n<h4 class=\"has-text-align-right wp-block-heading\">100\u20ac<\/h4>\n<\/div>\n<\/div>\n\n\n\n<div class=\"wp-block-media-text has-media-on-the-right is-stacked-on-mobile is-image-fill\" style=\"grid-template-columns:auto 30%\"><div class=\"wp-block-media-text__content\">\n<p><\/p>\n\n\n\n<p class=\"has-medium-font-size\">Lieu \u00e0 d\u00e9finir ensemble.<\/p>\n\n\n\n<p><\/p>\n\n\n\n<p><\/p>\n\n\n\n<p class=\"has-medium-font-size\">30 photos minimum en HD.<\/p>\n\n\n\n<p><\/p>\n\n\n\n<p><\/p>\n\n\n\n<p class=\"has-medium-font-size\"><\/p>\n\n\n\n<p><\/p>\n<\/div><figure class=\"wp-block-media-text__media\" style=\"background-image:url(https:\/\/magaliecres-photographie.fr\/wp-content\/uploads\/2023\/02\/58-6795-1-1024x683.jpg);background-position:50% 50%\"><img loading=\"lazy\" decoding=\"async\" width=\"1024\" height=\"683\" src=\"https:\/\/magaliecres-photographie.fr\/wp-content\/uploads\/2023\/02\/58-6795-1-1024x683.jpg\" alt=\"\" class=\"wp-image-234 size-full\" srcset=\"https:\/\/magaliecres-photographie.fr\/wp-content\/uploads\/2023\/02\/58-6795-1-1024x683.jpg 1024w, https:\/\/magaliecres-photographie.fr\/wp-content\/uploads\/2023\/02\/58-6795-1-300x200.jpg 300w, https:\/\/magaliecres-photographie.fr\/wp-content\/uploads\/2023\/02\/58-6795-1-768x512.jpg 768w, https:\/\/magaliecres-photographie.fr\/wp-content\/uploads\/2023\/02\/58-6795-1-1536x1024.jpg 1536w, https:\/\/magaliecres-photographie.fr\/wp-content\/uploads\/2023\/02\/58-6795-1-2048x1365.jpg 2048w\" sizes=\"auto, (max-width: 1024px) 100vw, 1024px\" \/><\/figure><\/div>\n\n\n\n<hr class=\"wp-block-separator alignwide has-alpha-channel-opacity is-style-wide coblocks-animate\" data-coblocks-animation=\"zoomIn\"\/>\n\n\n\n<div class=\"wp-block-columns is-layout-flex wp-container-core-columns-is-layout-9d6595d7 wp-block-columns-is-layout-flex\">\n<div class=\"wp-block-column is-layout-flow wp-block-column-is-layout-flow\">\n<h4 class=\"wp-block-heading\">Couple : <\/h4>\n<\/div>\n\n\n\n<div class=\"wp-block-column is-layout-flow wp-block-column-is-layout-flow\">\n<h4 class=\"has-text-align-right wp-block-heading\">90\u20ac<\/h4>\n<\/div>\n<\/div>\n\n\n\n<div class=\"wp-block-media-text has-media-on-the-right is-stacked-on-mobile is-image-fill\" style=\"grid-template-columns:auto 30%\"><div class=\"wp-block-media-text__content\">\n<p><\/p>\n\n\n\n<p class=\"has-medium-font-size\">30 photos minimum en HD.<\/p>\n\n\n\n<p><\/p>\n\n\n\n<p><\/p>\n\n\n\n<p class=\"has-medium-font-size\">Lieu \u00e0 d\u00e9finir ensemble.<\/p>\n\n\n\n<p><\/p>\n\n\n\n<p class=\"has-medium-font-size\"><\/p>\n<\/div><figure class=\"wp-block-media-text__media\" style=\"background-image:url(https:\/\/magaliecres-photographie.fr\/wp-content\/uploads\/2023\/02\/33-6718-683x1024.jpg);background-position:50% 50%\"><img loading=\"lazy\" decoding=\"async\" width=\"683\" height=\"1024\" src=\"https:\/\/magaliecres-photographie.fr\/wp-content\/uploads\/2023\/02\/33-6718-683x1024.jpg\" alt=\"\" class=\"wp-image-223 size-full\" srcset=\"https:\/\/magaliecres-photographie.fr\/wp-content\/uploads\/2023\/02\/33-6718-683x1024.jpg 683w, https:\/\/magaliecres-photographie.fr\/wp-content\/uploads\/2023\/02\/33-6718-200x300.jpg 200w, https:\/\/magaliecres-photographie.fr\/wp-content\/uploads\/2023\/02\/33-6718-768x1152.jpg 768w, https:\/\/magaliecres-photographie.fr\/wp-content\/uploads\/2023\/02\/33-6718-1024x1536.jpg 1024w, https:\/\/magaliecres-photographie.fr\/wp-content\/uploads\/2023\/02\/33-6718-1365x2048.jpg 1365w, https:\/\/magaliecres-photographie.fr\/wp-content\/uploads\/2023\/02\/33-6718-scaled.jpg 1707w\" sizes=\"auto, (max-width: 683px) 100vw, 683px\" \/><\/figure><\/div>\n\n\n\n<hr class=\"wp-block-separator alignwide has-alpha-channel-opacity is-style-wide coblocks-animate\" data-coblocks-animation=\"zoomIn\"\/>\n\n\n\n<div class=\"wp-block-columns is-layout-flex wp-container-core-columns-is-layout-9d6595d7 wp-block-columns-is-layout-flex\">\n<div class=\"wp-block-column is-layout-flow wp-block-column-is-layout-flow\">\n<h4 class=\"wp-block-heading\">Phototh\u00e9rapie : <\/h4>\n<\/div>\n\n\n\n<div class=\"wp-block-column is-layout-flow wp-block-column-is-layout-flow\">\n<h4 class=\"has-text-align-right wp-block-heading\">80\u20ac<\/h4>\n<\/div>\n<\/div>\n\n\n\n<p>C&rsquo;est un travail, un investissement partag\u00e9. Un engagement de votre part.<\/p>\n\n\n\n<p><\/p>\n\n\n\n<p>Notre premier RDV est offert.<\/p>\n\n\n\n<hr class=\"wp-block-separator alignwide has-alpha-channel-opacity is-style-wide coblocks-animate\" data-coblocks-animation=\"zoomIn\"\/>\n\n\n\n<div class=\"wp-block-columns is-layout-flex wp-container-core-columns-is-layout-9d6595d7 wp-block-columns-is-layout-flex\">\n<div class=\"wp-block-column is-layout-flow wp-block-column-is-layout-flow\">\n<h4 class=\"wp-block-heading\">S\u00e9ance \u00e0 th\u00e8me \u00e0 la demande : <\/h4>\n<\/div>\n\n\n\n<div class=\"wp-block-column is-layout-flow wp-block-column-is-layout-flow\">\n<h4 class=\"has-text-align-right wp-block-heading\">80\u20ac<\/h4>\n<\/div>\n<\/div>\n\n\n\n<ul class=\"is-style-default wp-block-list\">\n<li>THEME NOEL<\/li>\n\n\n\n<li>BAPTEME<\/li>\n\n\n\n<li>EVJF<\/li>\n\n\n\n<li>Reportage sportif, culturel\u2026<\/li>\n<\/ul>\n\n\n\n<p><\/p>\n\n\n\n<p>Des moments de votre vie qui sont importants pour vous et qui m\u00e9ritent d&rsquo;\u00eatre immortalis\u00e9s.<\/p>\n\n\n\n<hr class=\"wp-block-separator alignwide has-alpha-channel-opacity is-style-wide coblocks-animate\" data-coblocks-animation=\"zoomIn\"\/>\n\n\n\n<h4 class=\"wp-block-heading\">Mariage : Devis personnalis\u00e9 sur demande (r\u00e9ponse dans les 48H).<\/h4>\n\n\n\n<div class=\"wp-block-columns alignwide is-layout-flex wp-container-core-columns-is-layout-53642b31 wp-block-columns-is-layout-flex\" style=\"padding-top:0;padding-right:0;padding-bottom:0;padding-left:0\">\n<div class=\"wp-block-column is-layout-flow wp-block-column-is-layout-flow\">\n<div class=\"wp-block-cover\" style=\"min-height:455px;aspect-ratio:unset;\"><span aria-hidden=\"true\" class=\"wp-block-cover__background has-background-dim-60 has-background-dim\"><\/span><img loading=\"lazy\" decoding=\"async\" width=\"683\" height=\"1024\" class=\"wp-block-cover__image-background wp-image-82\" alt=\"\" src=\"https:\/\/magaliecres-photographie.fr\/wp-content\/uploads\/2023\/02\/Mariage67-683x1024-1.jpg\" data-object-fit=\"cover\" srcset=\"https:\/\/magaliecres-photographie.fr\/wp-content\/uploads\/2023\/02\/Mariage67-683x1024-1.jpg 683w, https:\/\/magaliecres-photographie.fr\/wp-content\/uploads\/2023\/02\/Mariage67-683x1024-1-200x300.jpg 200w\" sizes=\"auto, (max-width: 683px) 100vw, 683px\" \/><div class=\"wp-block-cover__inner-container is-layout-flow wp-block-cover-is-layout-flow\">\n<p class=\"has-text-align-center has-medium-font-size\">Formule Essentielle : 1100\u20ac<\/p>\n\n\n\n<p>&#8211; Les pr\u00e9paratifs<\/p>\n\n\n\n<p>&#8211; La c\u00e9r\u00e9monie la\u00efque ou religieuse<\/p>\n\n\n\n<p>&#8211; Photos de groupe<\/p>\n\n\n\n<p>&#8211; Vin d&rsquo;honneur<\/p>\n\n\n\n<p>&#8211; Photos de la salle de r\u00e9ception (d\u00e9corations, tables, &#8230;)<\/p>\n\n\n\n<p><\/p>\n<\/div><\/div>\n<\/div>\n\n\n\n<div class=\"wp-block-column is-layout-flow wp-block-column-is-layout-flow\">\n<div class=\"wp-block-cover is-light\" style=\"min-height:450px;aspect-ratio:unset;\"><span aria-hidden=\"true\" class=\"wp-block-cover__background has-background-dim-30 has-background-dim\"><\/span><img loading=\"lazy\" decoding=\"async\" width=\"683\" height=\"1024\" class=\"wp-block-cover__image-background wp-image-79\" alt=\"\" src=\"https:\/\/magaliecres-photographie.fr\/wp-content\/uploads\/2023\/02\/Mariage59-1-683x1024-1.jpg\" style=\"object-position:50% 50%\" data-object-fit=\"cover\" data-object-position=\"50% 50%\" srcset=\"https:\/\/magaliecres-photographie.fr\/wp-content\/uploads\/2023\/02\/Mariage59-1-683x1024-1.jpg 683w, https:\/\/magaliecres-photographie.fr\/wp-content\/uploads\/2023\/02\/Mariage59-1-683x1024-1-200x300.jpg 200w\" sizes=\"auto, (max-width: 683px) 100vw, 683px\" \/><div class=\"wp-block-cover__inner-container is-layout-flow wp-block-cover-is-layout-flow\">\n<p class=\"has-text-align-center has-medium-font-size\">Formule Passionn\u00e9e : 1300\u20ac<\/p>\n\n\n\n<p>&#8211; Les pr\u00e9paratifs<\/p>\n\n\n\n<p>&#8211; La c\u00e9r\u00e9monie la\u00efque ou religieuse<\/p>\n\n\n\n<p>&#8211; Photos de groupe<\/p>\n\n\n\n<p>&#8211; Vin d&rsquo;honneur<\/p>\n\n\n\n<p>&#8211; Photos de la salle de r\u00e9ception (d\u00e9corations, tables, &#8230;)<\/p>\n\n\n\n<p>&#8211; G\u00e2teaux, repas, animations, ouverture de bal<\/p>\n<\/div><\/div>\n<\/div>\n<\/div>\n\n\n\n<hr class=\"wp-block-separator alignwide has-alpha-channel-opacity is-style-wide coblocks-animate\" data-coblocks-animation=\"zoomIn\"\/>\n\n\n\n<div class=\"wp-block-columns alignwide is-layout-flex wp-container-core-columns-is-layout-9d6595d7 wp-block-columns-is-layout-flex\">\n<div class=\"wp-block-column is-layout-flow wp-block-column-is-layout-flow\">\n<div class=\"wp-block-cover\"><span aria-hidden=\"true\" class=\"wp-block-cover__background has-background-dim-60 has-background-dim\"><\/span><img loading=\"lazy\" decoding=\"async\" width=\"300\" height=\"209\" class=\"wp-block-cover__image-background wp-image-64\" alt=\"\" src=\"https:\/\/magaliecres-photographie.fr\/wp-content\/uploads\/2023\/02\/Mariage15-1-300x209-1.jpg\" data-object-fit=\"cover\"\/><div class=\"wp-block-cover__inner-container is-layout-flow wp-block-cover-is-layout-flow\">\n<p class=\"has-text-align-center has-large-font-size\">Formule Essentielle + AFTER DAY : 1600\u20ac<\/p>\n\n\n\n<p><\/p>\n<\/div><\/div>\n<\/div>\n\n\n\n<div class=\"wp-block-column is-layout-flow wp-block-column-is-layout-flow\">\n<div class=\"wp-block-cover\"><span aria-hidden=\"true\" class=\"wp-block-cover__background has-background-dim-60 has-background-dim\"><\/span><img loading=\"lazy\" decoding=\"async\" width=\"683\" height=\"1024\" class=\"wp-block-cover__image-background wp-image-96\" alt=\"\" src=\"https:\/\/magaliecres-photographie.fr\/wp-content\/uploads\/2023\/02\/Mariage118-683x1024-1.jpg\" data-object-fit=\"cover\" srcset=\"https:\/\/magaliecres-photographie.fr\/wp-content\/uploads\/2023\/02\/Mariage118-683x1024-1.jpg 683w, https:\/\/magaliecres-photographie.fr\/wp-content\/uploads\/2023\/02\/Mariage118-683x1024-1-200x300.jpg 200w\" sizes=\"auto, (max-width: 683px) 100vw, 683px\" \/><div class=\"wp-block-cover__inner-container is-layout-flow wp-block-cover-is-layout-flow\">\n<p class=\"has-text-align-center has-large-font-size\">Formule Passionn\u00e9e + AFTER DAY : 1800\u20ac<\/p>\n\n\n\n<p><\/p>\n<\/div><\/div>\n<\/div>\n<\/div>\n\n\n\n<hr class=\"wp-block-separator alignwide has-alpha-channel-opacity is-style-wide coblocks-animate\" data-coblocks-animation=\"zoomIn\"\/>\n\n\n\n<h4 class=\"wp-block-heading\">INCLUS :<\/h4>\n\n\n\n<p>&#8211; Post-traitement<\/p>\n\n\n\n<p>&#8211; D\u00e9lai de livraison 1 mois sur cl\u00e9 USB pour les mari\u00e9s en format HD<\/p>\n\n\n\n<p>&#8211; Galerie priv\u00e9e<\/p>\n\n\n\n<p>&#8211; Photos illimit\u00e9es<\/p>\n\n\n\n<p>&#8211; Professionnalisme<\/p>\n\n\n\n<p>&#8211; Discr\u00e9tion<\/p>\n","protected":false},"excerpt":{"rendered":"<p>Portrait : 90\u20ac 20 photos minimum en HD. Accompagnement pour le stylisme. Guidance pour les poses. Grossesse : 100\u20ac Photos avec le p\u00e8re, la fratrie, animal de compagnie\u2026 Id\u00e9al au 8\u00b0 mois de grossesse. Naissance : 150\u20ac Id\u00e9al dans les 15 premiers jours de vie. Photos pendant l&rsquo;allaitement. Id\u00e9al \u00e0 votre domicile pour maintenir votre [&hellip;]<\/p>\n","protected":false},"author":1,"featured_media":0,"parent":0,"menu_order":0,"comment_status":"closed","ping_status":"closed","template":"","meta":{"hide_page_title":"","_coblocks_attr":"","_coblocks_dimensions":"","_coblocks_responsive_height":"","_coblocks_accordion_ie_support":"","two_page_speed":[],"footnotes":""},"class_list":["post-29","page","type-page","status-publish","hentry"],"yoast_head":"<!-- This site is optimized with the Yoast SEO plugin v27.3 - https:\/\/yoast.com\/product\/yoast-seo-wordpress\/ -->\n<title>Tarifs - M A G A L I E C R E S PHOTOGRAPHE<\/title>\n<meta name=\"robots\" content=\"index, follow, max-snippet:-1, max-image-preview:large, max-video-preview:-1\" \/>\n<link rel=\"canonical\" href=\"https:\/\/magaliecres-photographie.fr\/?page_id=29\" \/>\n<meta property=\"og:locale\" content=\"fr_FR\" \/>\n<meta property=\"og:type\" content=\"article\" \/>\n<meta property=\"og:title\" content=\"Tarifs - M A G A L I E C R E S PHOTOGRAPHE\" \/>\n<meta property=\"og:description\" content=\"Portrait : 90\u20ac 20 photos minimum en HD. Accompagnement pour le stylisme. Guidance pour les poses. Grossesse : 100\u20ac Photos avec le p\u00e8re, la fratrie, animal de compagnie\u2026 Id\u00e9al au 8\u00b0 mois de grossesse. Naissance : 150\u20ac Id\u00e9al dans les 15 premiers jours de vie. Photos pendant l&rsquo;allaitement. Id\u00e9al \u00e0 votre domicile pour maintenir votre [&hellip;]\" \/>\n<meta property=\"og:url\" content=\"https:\/\/magaliecres-photographie.fr\/?page_id=29\" \/>\n<meta property=\"og:site_name\" content=\"M A G A L I E C R E S PHOTOGRAPHE\" \/>\n<meta property=\"article:modified_time\" content=\"2023-02-08T20:46:10+00:00\" \/>\n<meta property=\"og:image\" content=\"https:\/\/magaliecres-photographie.fr\/wp-content\/uploads\/2023\/02\/Portrait272-6520-686x1024-1.jpg\" \/>\n<meta name=\"twitter:card\" content=\"summary_large_image\" \/>\n<meta name=\"twitter:label1\" content=\"Dur\u00e9e de lecture estim\u00e9e\" \/>\n\t<meta name=\"twitter:data1\" content=\"4 minutes\" \/>\n<script type=\"application\/ld+json\" class=\"yoast-schema-graph\">{\"@context\":\"https:\\\/\\\/schema.org\",\"@graph\":[{\"@type\":\"WebPage\",\"@id\":\"https:\\\/\\\/magaliecres-photographie.fr\\\/?page_id=29\",\"url\":\"https:\\\/\\\/magaliecres-photographie.fr\\\/?page_id=29\",\"name\":\"Tarifs - M A G A L I E C R E S PHOTOGRAPHE\",\"isPartOf\":{\"@id\":\"https:\\\/\\\/magaliecres-photographie.fr\\\/#website\"},\"primaryImageOfPage\":{\"@id\":\"https:\\\/\\\/magaliecres-photographie.fr\\\/?page_id=29#primaryimage\"},\"image\":{\"@id\":\"https:\\\/\\\/magaliecres-photographie.fr\\\/?page_id=29#primaryimage\"},\"thumbnailUrl\":\"https:\\\/\\\/magaliecres-photographie.fr\\\/wp-content\\\/uploads\\\/2023\\\/02\\\/Portrait272-6520-686x1024-1.jpg\",\"datePublished\":\"2023-02-05T20:53:42+00:00\",\"dateModified\":\"2023-02-08T20:46:10+00:00\",\"breadcrumb\":{\"@id\":\"https:\\\/\\\/magaliecres-photographie.fr\\\/?page_id=29#breadcrumb\"},\"inLanguage\":\"fr-FR\",\"potentialAction\":[{\"@type\":\"ReadAction\",\"target\":[\"https:\\\/\\\/magaliecres-photographie.fr\\\/?page_id=29\"]}]},{\"@type\":\"ImageObject\",\"inLanguage\":\"fr-FR\",\"@id\":\"https:\\\/\\\/magaliecres-photographie.fr\\\/?page_id=29#primaryimage\",\"url\":\"https:\\\/\\\/magaliecres-photographie.fr\\\/wp-content\\\/uploads\\\/2023\\\/02\\\/Portrait272-6520-686x1024-1.jpg\",\"contentUrl\":\"https:\\\/\\\/magaliecres-photographie.fr\\\/wp-content\\\/uploads\\\/2023\\\/02\\\/Portrait272-6520-686x1024-1.jpg\",\"width\":686,\"height\":1024},{\"@type\":\"BreadcrumbList\",\"@id\":\"https:\\\/\\\/magaliecres-photographie.fr\\\/?page_id=29#breadcrumb\",\"itemListElement\":[{\"@type\":\"ListItem\",\"position\":1,\"name\":\"Accueil\",\"item\":\"https:\\\/\\\/magaliecres-photographie.fr\\\/\"},{\"@type\":\"ListItem\",\"position\":2,\"name\":\"Tarifs\"}]},{\"@type\":\"WebSite\",\"@id\":\"https:\\\/\\\/magaliecres-photographie.fr\\\/#website\",\"url\":\"https:\\\/\\\/magaliecres-photographie.fr\\\/\",\"name\":\"M A G A L I E C R E S PHOTOGRAPHE\",\"description\":\"Le partage des \u00e9motions et des instants de vie\",\"potentialAction\":[{\"@type\":\"SearchAction\",\"target\":{\"@type\":\"EntryPoint\",\"urlTemplate\":\"https:\\\/\\\/magaliecres-photographie.fr\\\/?s={search_term_string}\"},\"query-input\":{\"@type\":\"PropertyValueSpecification\",\"valueRequired\":true,\"valueName\":\"search_term_string\"}}],\"inLanguage\":\"fr-FR\"}]}<\/script>\n<!-- \/ Yoast SEO plugin. -->","yoast_head_json":{"title":"Tarifs - M A G A L I E C R E S PHOTOGRAPHE","robots":{"index":"index","follow":"follow","max-snippet":"max-snippet:-1","max-image-preview":"max-image-preview:large","max-video-preview":"max-video-preview:-1"},"canonical":"https:\/\/magaliecres-photographie.fr\/?page_id=29","og_locale":"fr_FR","og_type":"article","og_title":"Tarifs - M A G A L I E C R E S PHOTOGRAPHE","og_description":"Portrait : 90\u20ac 20 photos minimum en HD. Accompagnement pour le stylisme. Guidance pour les poses. Grossesse : 100\u20ac Photos avec le p\u00e8re, la fratrie, animal de compagnie\u2026 Id\u00e9al au 8\u00b0 mois de grossesse. Naissance : 150\u20ac Id\u00e9al dans les 15 premiers jours de vie. Photos pendant l&rsquo;allaitement. Id\u00e9al \u00e0 votre domicile pour maintenir votre [&hellip;]","og_url":"https:\/\/magaliecres-photographie.fr\/?page_id=29","og_site_name":"M A G A L I E C R E S PHOTOGRAPHE","article_modified_time":"2023-02-08T20:46:10+00:00","og_image":[{"url":"https:\/\/magaliecres-photographie.fr\/wp-content\/uploads\/2023\/02\/Portrait272-6520-686x1024-1.jpg","type":"","width":"","height":""}],"twitter_card":"summary_large_image","twitter_misc":{"Dur\u00e9e de lecture estim\u00e9e":"4 minutes"},"schema":{"@context":"https:\/\/schema.org","@graph":[{"@type":"WebPage","@id":"https:\/\/magaliecres-photographie.fr\/?page_id=29","url":"https:\/\/magaliecres-photographie.fr\/?page_id=29","name":"Tarifs - M A G A L I E C R E S PHOTOGRAPHE","isPartOf":{"@id":"https:\/\/magaliecres-photographie.fr\/#website"},"primaryImageOfPage":{"@id":"https:\/\/magaliecres-photographie.fr\/?page_id=29#primaryimage"},"image":{"@id":"https:\/\/magaliecres-photographie.fr\/?page_id=29#primaryimage"},"thumbnailUrl":"https:\/\/magaliecres-photographie.fr\/wp-content\/uploads\/2023\/02\/Portrait272-6520-686x1024-1.jpg","datePublished":"2023-02-05T20:53:42+00:00","dateModified":"2023-02-08T20:46:10+00:00","breadcrumb":{"@id":"https:\/\/magaliecres-photographie.fr\/?page_id=29#breadcrumb"},"inLanguage":"fr-FR","potentialAction":[{"@type":"ReadAction","target":["https:\/\/magaliecres-photographie.fr\/?page_id=29"]}]},{"@type":"ImageObject","inLanguage":"fr-FR","@id":"https:\/\/magaliecres-photographie.fr\/?page_id=29#primaryimage","url":"https:\/\/magaliecres-photographie.fr\/wp-content\/uploads\/2023\/02\/Portrait272-6520-686x1024-1.jpg","contentUrl":"https:\/\/magaliecres-photographie.fr\/wp-content\/uploads\/2023\/02\/Portrait272-6520-686x1024-1.jpg","width":686,"height":1024},{"@type":"BreadcrumbList","@id":"https:\/\/magaliecres-photographie.fr\/?page_id=29#breadcrumb","itemListElement":[{"@type":"ListItem","position":1,"name":"Accueil","item":"https:\/\/magaliecres-photographie.fr\/"},{"@type":"ListItem","position":2,"name":"Tarifs"}]},{"@type":"WebSite","@id":"https:\/\/magaliecres-photographie.fr\/#website","url":"https:\/\/magaliecres-photographie.fr\/","name":"M A G A L I E C R E S PHOTOGRAPHE","description":"Le partage des \u00e9motions et des instants de vie","potentialAction":[{"@type":"SearchAction","target":{"@type":"EntryPoint","urlTemplate":"https:\/\/magaliecres-photographie.fr\/?s={search_term_string}"},"query-input":{"@type":"PropertyValueSpecification","valueRequired":true,"valueName":"search_term_string"}}],"inLanguage":"fr-FR"}]}},"_links":{"self":[{"href":"https:\/\/magaliecres-photographie.fr\/index.php?rest_route=\/wp\/v2\/pages\/29","targetHints":{"allow":["GET"]}}],"collection":[{"href":"https:\/\/magaliecres-photographie.fr\/index.php?rest_route=\/wp\/v2\/pages"}],"about":[{"href":"https:\/\/magaliecres-photographie.fr\/index.php?rest_route=\/wp\/v2\/types\/page"}],"author":[{"embeddable":true,"href":"https:\/\/magaliecres-photographie.fr\/index.php?rest_route=\/wp\/v2\/users\/1"}],"replies":[{"embeddable":true,"href":"https:\/\/magaliecres-photographie.fr\/index.php?rest_route=%2Fwp%2Fv2%2Fcomments&post=29"}],"version-history":[{"count":41,"href":"https:\/\/magaliecres-photographie.fr\/index.php?rest_route=\/wp\/v2\/pages\/29\/revisions"}],"predecessor-version":[{"id":323,"href":"https:\/\/magaliecres-photographie.fr\/index.php?rest_route=\/wp\/v2\/pages\/29\/revisions\/323"}],"wp:attachment":[{"href":"https:\/\/magaliecres-photographie.fr\/index.php?rest_route=%2Fwp%2Fv2%2Fmedia&parent=29"}],"curies":[{"name":"wp","href":"https:\/\/api.w.org\/{rel}","templated":true}]}}