{"id":25,"date":"2023-02-05T21:53:20","date_gmt":"2023-02-05T20:53:20","guid":{"rendered":"https:\/\/magaliecres-photographie.fr\/?page_id=25"},"modified":"2024-01-09T14:17:07","modified_gmt":"2024-01-09T13:17:07","slug":"phototherapie","status":"publish","type":"page","link":"https:\/\/magaliecres-photographie.fr\/?page_id=25","title":{"rendered":"Phototh\u00e9rapie"},"content":{"rendered":"\n<p>Nous sommes tous, plus ou moins complex\u00e9s, affaiblis par la perception que nous avons de notre corps. <\/p>\n\n\n\n<p>Le regard de l&rsquo;Autre p\u00e8se \u00e9norm\u00e9ment, trop intens\u00e9ment sur nous, sur vous.<\/p>\n\n\n\n<p>Le travail par la phototh\u00e9rapie va vous aider \u00e0 vous accepter, au-del\u00e0 du regard d&rsquo;autrui.<\/p>\n\n\n\n<p><\/p>\n\n\n\n<p>Mon travail dans cet exercice de phototh\u00e9rapie est de vous accompagner, pas \u00e0 pas, petit \u00e0 petit, \u00e0 votre rythme, \u00e0 vous faire accepter comme vous \u00eates, tel, telle que vous \u00eates.<\/p>\n\n\n\n<p>Hommes, femmes, adolescent(e)s, je peux vous apporter un mieux-\u00eatre, une libert\u00e9 d&rsquo;\u00eatre soi, d&rsquo;\u00eatre vous-m\u00eames avec le corps qui est le v\u00f4tre.<\/p>\n\n\n\n<p>Dans cet accompagnement, je prends le temps de vous \u00e9couter, de vous respecter (dans vos complexes, vos envies, vos difficult\u00e9s&#8230;).<\/p>\n\n\n\n<p><\/p>\n\n\n\n<p>C&rsquo;est un travail qui n\u00e9cessite de votre part un engagement de votre part. Je saurai vous mettre en confiance. <\/p>\n\n\n\n<p><\/p>\n\n\n\n<p>On se rapproche souvent, dans cet accompagnement, d&rsquo;un travail psychoth\u00e9rapeutique.<\/p>\n","protected":false},"excerpt":{"rendered":"<p>Nous sommes tous, plus ou moins complex\u00e9s, affaiblis par la perception que nous avons de notre corps. Le regard de l&rsquo;Autre p\u00e8se \u00e9norm\u00e9ment, trop intens\u00e9ment sur nous, sur vous. Le travail par la phototh\u00e9rapie va vous aider \u00e0 vous accepter, au-del\u00e0 du regard d&rsquo;autrui. Mon travail dans cet exercice de phototh\u00e9rapie est de vous accompagner, [&hellip;]<\/p>\n","protected":false},"author":1,"featured_media":0,"parent":0,"menu_order":0,"comment_status":"closed","ping_status":"closed","template":"","meta":{"hide_page_title":"","_coblocks_attr":"","_coblocks_dimensions":"","_coblocks_responsive_height":"","_coblocks_accordion_ie_support":"","two_page_speed":[],"footnotes":""},"class_list":["post-25","page","type-page","status-publish","hentry"],"yoast_head":"<!-- This site is optimized with the Yoast SEO plugin v27.3 - https:\/\/yoast.com\/product\/yoast-seo-wordpress\/ -->\n<title>Phototh\u00e9rapie - M A G A L I E C R E S PHOTOGRAPHE<\/title>\n<meta name=\"robots\" content=\"index, follow, max-snippet:-1, max-image-preview:large, max-video-preview:-1\" \/>\n<link rel=\"canonical\" href=\"https:\/\/magaliecres-photographie.fr\/?page_id=25\" \/>\n<meta property=\"og:locale\" content=\"fr_FR\" \/>\n<meta property=\"og:type\" content=\"article\" \/>\n<meta property=\"og:title\" content=\"Phototh\u00e9rapie - M A G A L I E C R E S PHOTOGRAPHE\" \/>\n<meta property=\"og:description\" content=\"Nous sommes tous, plus ou moins complex\u00e9s, affaiblis par la perception que nous avons de notre corps. Le regard de l&rsquo;Autre p\u00e8se \u00e9norm\u00e9ment, trop intens\u00e9ment sur nous, sur vous. Le travail par la phototh\u00e9rapie va vous aider \u00e0 vous accepter, au-del\u00e0 du regard d&rsquo;autrui. Mon travail dans cet exercice de phototh\u00e9rapie est de vous accompagner, [&hellip;]\" \/>\n<meta property=\"og:url\" content=\"https:\/\/magaliecres-photographie.fr\/?page_id=25\" \/>\n<meta property=\"og:site_name\" content=\"M A G A L I E C R E S PHOTOGRAPHE\" \/>\n<meta property=\"article:modified_time\" content=\"2024-01-09T13:17:07+00:00\" \/>\n<meta name=\"twitter:card\" content=\"summary_large_image\" \/>\n<meta name=\"twitter:label1\" content=\"Dur\u00e9e de lecture estim\u00e9e\" \/>\n\t<meta name=\"twitter:data1\" content=\"1 minute\" \/>\n<script type=\"application\/ld+json\" class=\"yoast-schema-graph\">{\"@context\":\"https:\\\/\\\/schema.org\",\"@graph\":[{\"@type\":\"WebPage\",\"@id\":\"https:\\\/\\\/magaliecres-photographie.fr\\\/?page_id=25\",\"url\":\"https:\\\/\\\/magaliecres-photographie.fr\\\/?page_id=25\",\"name\":\"Phototh\u00e9rapie - M A G A L I E C R E S PHOTOGRAPHE\",\"isPartOf\":{\"@id\":\"https:\\\/\\\/magaliecres-photographie.fr\\\/#website\"},\"datePublished\":\"2023-02-05T20:53:20+00:00\",\"dateModified\":\"2024-01-09T13:17:07+00:00\",\"breadcrumb\":{\"@id\":\"https:\\\/\\\/magaliecres-photographie.fr\\\/?page_id=25#breadcrumb\"},\"inLanguage\":\"fr-FR\",\"potentialAction\":[{\"@type\":\"ReadAction\",\"target\":[\"https:\\\/\\\/magaliecres-photographie.fr\\\/?page_id=25\"]}]},{\"@type\":\"BreadcrumbList\",\"@id\":\"https:\\\/\\\/magaliecres-photographie.fr\\\/?page_id=25#breadcrumb\",\"itemListElement\":[{\"@type\":\"ListItem\",\"position\":1,\"name\":\"Accueil\",\"item\":\"https:\\\/\\\/magaliecres-photographie.fr\\\/\"},{\"@type\":\"ListItem\",\"position\":2,\"name\":\"Phototh\u00e9rapie\"}]},{\"@type\":\"WebSite\",\"@id\":\"https:\\\/\\\/magaliecres-photographie.fr\\\/#website\",\"url\":\"https:\\\/\\\/magaliecres-photographie.fr\\\/\",\"name\":\"M A G A L I E C R E S PHOTOGRAPHE\",\"description\":\"Le partage des \u00e9motions et des instants de vie\",\"potentialAction\":[{\"@type\":\"SearchAction\",\"target\":{\"@type\":\"EntryPoint\",\"urlTemplate\":\"https:\\\/\\\/magaliecres-photographie.fr\\\/?s={search_term_string}\"},\"query-input\":{\"@type\":\"PropertyValueSpecification\",\"valueRequired\":true,\"valueName\":\"search_term_string\"}}],\"inLanguage\":\"fr-FR\"}]}<\/script>\n<!-- \/ Yoast SEO plugin. -->","yoast_head_json":{"title":"Phototh\u00e9rapie - M A G A L I E C R E S PHOTOGRAPHE","robots":{"index":"index","follow":"follow","max-snippet":"max-snippet:-1","max-image-preview":"max-image-preview:large","max-video-preview":"max-video-preview:-1"},"canonical":"https:\/\/magaliecres-photographie.fr\/?page_id=25","og_locale":"fr_FR","og_type":"article","og_title":"Phototh\u00e9rapie - M A G A L I E C R E S PHOTOGRAPHE","og_description":"Nous sommes tous, plus ou moins complex\u00e9s, affaiblis par la perception que nous avons de notre corps. Le regard de l&rsquo;Autre p\u00e8se \u00e9norm\u00e9ment, trop intens\u00e9ment sur nous, sur vous. Le travail par la phototh\u00e9rapie va vous aider \u00e0 vous accepter, au-del\u00e0 du regard d&rsquo;autrui. Mon travail dans cet exercice de phototh\u00e9rapie est de vous accompagner, [&hellip;]","og_url":"https:\/\/magaliecres-photographie.fr\/?page_id=25","og_site_name":"M A G A L I E C R E S PHOTOGRAPHE","article_modified_time":"2024-01-09T13:17:07+00:00","twitter_card":"summary_large_image","twitter_misc":{"Dur\u00e9e de lecture estim\u00e9e":"1 minute"},"schema":{"@context":"https:\/\/schema.org","@graph":[{"@type":"WebPage","@id":"https:\/\/magaliecres-photographie.fr\/?page_id=25","url":"https:\/\/magaliecres-photographie.fr\/?page_id=25","name":"Phototh\u00e9rapie - M A G A L I E C R E S PHOTOGRAPHE","isPartOf":{"@id":"https:\/\/magaliecres-photographie.fr\/#website"},"datePublished":"2023-02-05T20:53:20+00:00","dateModified":"2024-01-09T13:17:07+00:00","breadcrumb":{"@id":"https:\/\/magaliecres-photographie.fr\/?page_id=25#breadcrumb"},"inLanguage":"fr-FR","potentialAction":[{"@type":"ReadAction","target":["https:\/\/magaliecres-photographie.fr\/?page_id=25"]}]},{"@type":"BreadcrumbList","@id":"https:\/\/magaliecres-photographie.fr\/?page_id=25#breadcrumb","itemListElement":[{"@type":"ListItem","position":1,"name":"Accueil","item":"https:\/\/magaliecres-photographie.fr\/"},{"@type":"ListItem","position":2,"name":"Phototh\u00e9rapie"}]},{"@type":"WebSite","@id":"https:\/\/magaliecres-photographie.fr\/#website","url":"https:\/\/magaliecres-photographie.fr\/","name":"M A G A L I E C R E S PHOTOGRAPHE","description":"Le partage des \u00e9motions et des instants de vie","potentialAction":[{"@type":"SearchAction","target":{"@type":"EntryPoint","urlTemplate":"https:\/\/magaliecres-photographie.fr\/?s={search_term_string}"},"query-input":{"@type":"PropertyValueSpecification","valueRequired":true,"valueName":"search_term_string"}}],"inLanguage":"fr-FR"}]}},"_links":{"self":[{"href":"https:\/\/magaliecres-photographie.fr\/index.php?rest_route=\/wp\/v2\/pages\/25","targetHints":{"allow":["GET"]}}],"collection":[{"href":"https:\/\/magaliecres-photographie.fr\/index.php?rest_route=\/wp\/v2\/pages"}],"about":[{"href":"https:\/\/magaliecres-photographie.fr\/index.php?rest_route=\/wp\/v2\/types\/page"}],"author":[{"embeddable":true,"href":"https:\/\/magaliecres-photographie.fr\/index.php?rest_route=\/wp\/v2\/users\/1"}],"replies":[{"embeddable":true,"href":"https:\/\/magaliecres-photographie.fr\/index.php?rest_route=%2Fwp%2Fv2%2Fcomments&post=25"}],"version-history":[{"count":2,"href":"https:\/\/magaliecres-photographie.fr\/index.php?rest_route=\/wp\/v2\/pages\/25\/revisions"}],"predecessor-version":[{"id":441,"href":"https:\/\/magaliecres-photographie.fr\/index.php?rest_route=\/wp\/v2\/pages\/25\/revisions\/441"}],"wp:attachment":[{"href":"https:\/\/magaliecres-photographie.fr\/index.php?rest_route=%2Fwp%2Fv2%2Fmedia&parent=25"}],"curies":[{"name":"wp","href":"https:\/\/api.w.org\/{rel}","templated":true}]}}